{"id":256,"date":"2026-01-20T17:28:47","date_gmt":"2026-01-20T17:28:47","guid":{"rendered":"https:\/\/pro-mocio.es\/catalegs\/"},"modified":"2026-01-21T08:29:48","modified_gmt":"2026-01-21T08:29:48","slug":"catalegs","status":"publish","type":"page","link":"https:\/\/pro-mocio.es\/ca\/catalegs\/","title":{"rendered":"Cat\u00e0legs"},"content":{"rendered":"\t\t<div data-elementor-type=\"wp-page\" data-elementor-id=\"256\" class=\"elementor elementor-256 elementor-202\" data-elementor-post-type=\"page\">\n\t\t\t\t<div class=\"elementor-element elementor-element-802a526 e-flex e-con-boxed e-con e-parent\" data-id=\"802a526\" data-element_type=\"container\">\n\t\t\t\t\t<div class=\"e-con-inner\">\n\t\t\t\t<div class=\"elementor-element elementor-element-f62188d elementor-widget elementor-widget-spacer\" data-id=\"f62188d\" data-element_type=\"widget\" data-widget_type=\"spacer.default\">\n\t\t\t\t\t\t\t<div class=\"elementor-spacer\">\n\t\t\t<div class=\"elementor-spacer-inner\"><\/div>\n\t\t<\/div>\n\t\t\t\t\t\t<\/div>\n\t\t\t\t\t<\/div>\n\t\t\t\t<\/div>\n\t\t<div class=\"elementor-element elementor-element-90e3e7d e-flex e-con-boxed e-con e-parent\" data-id=\"90e3e7d\" data-element_type=\"container\">\n\t\t\t\t\t<div class=\"e-con-inner\">\n\t\t\t\t<div class=\"elementor-element elementor-element-222ec87 elementor-widget elementor-widget-heading\" data-id=\"222ec87\" data-element_type=\"widget\" data-widget_type=\"heading.default\">\n\t\t\t\t\t<h2 class=\"elementor-heading-title elementor-size-default\">Descobreix els nostres cat\u00e0legs<\/h2>\t\t\t\t<\/div>\n\t\t\t\t\t<\/div>\n\t\t\t\t<\/div>\n\t\t<div class=\"elementor-element elementor-element-2a091b7 e-flex e-con-boxed e-con e-parent\" data-id=\"2a091b7\" data-element_type=\"container\">\n\t\t\t\t\t<div class=\"e-con-inner\">\n\t\t\t\t<div class=\"elementor-element elementor-element-f2b20c6 elementor-widget elementor-widget-spacer\" data-id=\"f2b20c6\" data-element_type=\"widget\" data-widget_type=\"spacer.default\">\n\t\t\t\t\t\t\t<div class=\"elementor-spacer\">\n\t\t\t<div class=\"elementor-spacer-inner\"><\/div>\n\t\t<\/div>\n\t\t\t\t\t\t<\/div>\n\t\t\t\t\t<\/div>\n\t\t\t\t<\/div>\n\t\t<div class=\"elementor-element elementor-element-b55c1cc e-flex e-con-boxed e-con e-parent\" data-id=\"b55c1cc\" data-element_type=\"container\">\n\t\t\t\t\t<div class=\"e-con-inner\">\n\t\t\t\t<div class=\"elementor-element elementor-element-661d4f7 elementor-widget elementor-widget-text-editor\" data-id=\"661d4f7\" data-element_type=\"widget\" data-widget_type=\"text-editor.default\">\n\t\t\t\t\t\t\t\t\t<p>Aqu\u00ed podreu veure una gran mostra de tots els productes que podem oferir. Si no el trobeu, tenim altres opcions m\u00e9s personals i personalitzables. No dubteu a consultar-nos per qualsevol producte que necessiteu.<\/p>\n<p>Disposem de diferents tallers per poder oferir la t\u00e8cnica de marcatge m\u00e9s adequat per a cada producte:<br> Serigrafia, tampografia, l\u00e0ser, brodat, transfer DTF o vinil.<\/p>\t\t\t\t\t\t\t\t<\/div>\n\t\t\t\t\t<\/div>\n\t\t\t\t<\/div>\n\t\t<div class=\"elementor-element elementor-element-77fa22a e-flex e-con-boxed e-con e-parent\" data-id=\"77fa22a\" data-element_type=\"container\">\n\t\t\t\t\t<div class=\"e-con-inner\">\n\t\t\t\t<div class=\"elementor-element elementor-element-5b47892 elementor-widget elementor-widget-spacer\" data-id=\"5b47892\" data-element_type=\"widget\" data-widget_type=\"spacer.default\">\n\t\t\t\t\t\t\t<div class=\"elementor-spacer\">\n\t\t\t<div class=\"elementor-spacer-inner\"><\/div>\n\t\t<\/div>\n\t\t\t\t\t\t<\/div>\n\t\t\t\t\t<\/div>\n\t\t\t\t<\/div>\n\t\t<div class=\"elementor-element elementor-element-d6f31e2 e-flex e-con-boxed e-con e-parent\" data-id=\"d6f31e2\" data-element_type=\"container\">\n\t\t\t\t\t<div class=\"e-con-inner\">\n\t\t<div class=\"elementor-element elementor-element-39d0ac3 e-con-full e-flex e-con e-child\" data-id=\"39d0ac3\" data-element_type=\"container\">\n\t\t\t\t<div class=\"elementor-element elementor-element-c5a4890 elementor-widget elementor-widget-image\" data-id=\"c5a4890\" data-element_type=\"widget\" data-widget_type=\"image.default\">\n\t\t\t\t\t\t\t\t\t\t\t\t\t\t\t\t<a href=\"https:\/\/view.publitas.com\/md-es\/gifts_spa_eur\/page\/1\">\n\t\t\t\t\t\t\t<img fetchpriority=\"high\" decoding=\"async\" width=\"224\" height=\"283\" src=\"https:\/\/pro-mocio.es\/wp-content\/uploads\/2026\/01\/more.jpg\" class=\"attachment-large size-large wp-image-257\" alt=\"\" \/>\t\t\t\t\t\t\t\t<\/a>\n\t\t\t\t\t\t\t\t\t\t\t\t\t\t\t<\/div>\n\t\t\t\t<div class=\"elementor-element elementor-element-b61211a elementor-widget elementor-widget-heading\" data-id=\"b61211a\" data-element_type=\"widget\" data-widget_type=\"heading.default\">\n\t\t\t\t\t<h2 class=\"elementor-heading-title elementor-size-default\"><a href=\"https:\/\/view.publitas.com\/md-es\/gifts_spa_eur\/page\/1\">MORE THAN GIFTS<\/a><\/h2>\t\t\t\t<\/div>\n\t\t\t\t<\/div>\n\t\t<div class=\"elementor-element elementor-element-6f4cfca e-con-full e-flex e-con e-child\" data-id=\"6f4cfca\" data-element_type=\"container\">\n\t\t\t\t<div class=\"elementor-element elementor-element-91ceb6e elementor-widget elementor-widget-image\" data-id=\"91ceb6e\" data-element_type=\"widget\" data-widget_type=\"image.default\">\n\t\t\t\t\t\t\t\t\t\t\t\t\t\t\t\t<a href=\"https:\/\/generalcatalogue2025.eu\/9232bf5c5f2307bafca344bd05b274fe\/#\">\n\t\t\t\t\t\t\t<img decoding=\"async\" width=\"224\" height=\"283\" src=\"https:\/\/pro-mocio.es\/wp-content\/uploads\/2026\/01\/eess.jpg\" class=\"attachment-large size-large wp-image-259\" alt=\"\" \/>\t\t\t\t\t\t\t\t<\/a>\n\t\t\t\t\t\t\t\t\t\t\t\t\t\t\t<\/div>\n\t\t\t\t<div class=\"elementor-element elementor-element-b794629 elementor-widget elementor-widget-heading\" data-id=\"b794629\" data-element_type=\"widget\" data-widget_type=\"heading.default\">\n\t\t\t\t\t<h2 class=\"elementor-heading-title elementor-size-default\"><a href=\"https:\/\/generalcatalogue2025.eu\/9232bf5c5f2307bafca344bd05b274fe\/#\">ESSENTIAL<\/a><\/h2>\t\t\t\t<\/div>\n\t\t\t\t<\/div>\n\t\t<div class=\"elementor-element elementor-element-7ce47fa e-con-full e-flex e-con e-child\" data-id=\"7ce47fa\" data-element_type=\"container\">\n\t\t\t\t<div class=\"elementor-element elementor-element-8d1a743 elementor-widget elementor-widget-image\" data-id=\"8d1a743\" data-element_type=\"widget\" data-widget_type=\"image.default\">\n\t\t\t\t\t\t\t\t\t\t\t\t\t\t\t\t<a href=\"https:\/\/catalog.hideagifts.com\/main\/WZYX9WFk\">\n\t\t\t\t\t\t\t<img decoding=\"async\" width=\"224\" height=\"283\" src=\"https:\/\/pro-mocio.es\/wp-content\/uploads\/2026\/01\/hif.jpg\" class=\"attachment-large size-large wp-image-258\" alt=\"\" \/>\t\t\t\t\t\t\t\t<\/a>\n\t\t\t\t\t\t\t\t\t\t\t\t\t\t\t<\/div>\n\t\t\t\t<div class=\"elementor-element elementor-element-b13e448 elementor-widget elementor-widget-heading\" data-id=\"b13e448\" data-element_type=\"widget\" data-widget_type=\"heading.default\">\n\t\t\t\t\t<h2 class=\"elementor-heading-title elementor-size-default\"><a href=\"https:\/\/catalog.hideagifts.com\/main\/WZYX9WFk\">HIDEA<\/a><\/h2>\t\t\t\t<\/div>\n\t\t\t\t<\/div>\n\t\t\t\t\t<\/div>\n\t\t\t\t<\/div>\n\t\t<div class=\"elementor-element elementor-element-05c5519 e-flex e-con-boxed e-con e-parent\" data-id=\"05c5519\" data-element_type=\"container\">\n\t\t\t\t\t<div class=\"e-con-inner\">\n\t\t\t\t<div class=\"elementor-element elementor-element-1547d28 elementor-widget elementor-widget-spacer\" data-id=\"1547d28\" data-element_type=\"widget\" data-widget_type=\"spacer.default\">\n\t\t\t\t\t\t\t<div class=\"elementor-spacer\">\n\t\t\t<div class=\"elementor-spacer-inner\"><\/div>\n\t\t<\/div>\n\t\t\t\t\t\t<\/div>\n\t\t\t\t\t<\/div>\n\t\t\t\t<\/div>\n\t\t\t\t<\/div>\n\t\t","protected":false},"excerpt":{"rendered":"<p>Descobreix els nostres cat\u00e0legs Aqu\u00ed podreu veure una gran mostra de tots els productes que podem oferir. Si no el trobeu, tenim altres opcions m\u00e9s personals i personalitzables. No dubteu a consultar-nos per qualsevol producte que necessiteu. Disposem de diferents tallers per poder oferir la t\u00e8cnica de marcatge m\u00e9s adequat per a cada producte: Serigrafia, [&hellip;]<\/p>\n","protected":false},"author":2,"featured_media":0,"parent":0,"menu_order":0,"comment_status":"closed","ping_status":"closed","template":"elementor_header_footer","meta":{"footnotes":""},"class_list":["post-256","page","type-page","status-publish","hentry","entry"],"_links":{"self":[{"href":"https:\/\/pro-mocio.es\/ca\/wp-json\/wp\/v2\/pages\/256","targetHints":{"allow":["GET"]}}],"collection":[{"href":"https:\/\/pro-mocio.es\/ca\/wp-json\/wp\/v2\/pages"}],"about":[{"href":"https:\/\/pro-mocio.es\/ca\/wp-json\/wp\/v2\/types\/page"}],"author":[{"embeddable":true,"href":"https:\/\/pro-mocio.es\/ca\/wp-json\/wp\/v2\/users\/2"}],"replies":[{"embeddable":true,"href":"https:\/\/pro-mocio.es\/ca\/wp-json\/wp\/v2\/comments?post=256"}],"version-history":[{"count":1,"href":"https:\/\/pro-mocio.es\/ca\/wp-json\/wp\/v2\/pages\/256\/revisions"}],"predecessor-version":[{"id":260,"href":"https:\/\/pro-mocio.es\/ca\/wp-json\/wp\/v2\/pages\/256\/revisions\/260"}],"wp:attachment":[{"href":"https:\/\/pro-mocio.es\/ca\/wp-json\/wp\/v2\/media?parent=256"}],"curies":[{"name":"wp","href":"https:\/\/api.w.org\/{rel}","templated":true}]}}